{"id":2,"date":"2026-03-26T17:18:18","date_gmt":"2026-03-26T16:18:18","guid":{"rendered":"https:\/\/pta.info.pl\/?page_id=2"},"modified":"2026-04-30T09:22:25","modified_gmt":"2026-04-30T07:22:25","slug":"przykladowa-strona","status":"publish","type":"page","link":"https:\/\/pta.info.pl\/","title":{"rendered":""},"content":{"rendered":"\t\t<div data-elementor-type=\"wp-page\" data-elementor-id=\"2\" class=\"elementor elementor-2\" data-elementor-post-type=\"page\">\n\t\t\t\t<div class=\"elementor-element elementor-element-1da3dee e-flex e-con-boxed e-con e-parent\" data-id=\"1da3dee\" data-element_type=\"container\" data-e-type=\"container\">\n\t\t\t\t\t<div class=\"e-con-inner\">\n\t\t\t\t<div class=\"elementor-element elementor-element-f8f0f0a elementor-widget elementor-widget-heading\" data-id=\"f8f0f0a\" data-element_type=\"widget\" data-e-type=\"widget\" data-widget_type=\"heading.default\">\n\t\t\t\t\t<h2 class=\"elementor-heading-title elementor-size-default\">Witamy na stronie Polskiego Towarzystwa Anatomicznego<\/h2>\t\t\t\t<\/div>\n\t\t\t\t\t<\/div>\n\t\t\t\t<\/div>\n\t\t<div class=\"elementor-element elementor-element-b64f942 e-flex e-con-boxed e-con e-parent\" data-id=\"b64f942\" data-element_type=\"container\" data-e-type=\"container\">\n\t\t\t\t\t<div class=\"e-con-inner\">\n\t\t\t\t<div class=\"elementor-element elementor-element-a005b60 elementor-widget elementor-widget-text-editor\" data-id=\"a005b60\" data-element_type=\"widget\" data-e-type=\"widget\" data-widget_type=\"text-editor.default\">\n\t\t\t\t\t\t\t\t\t<h6>Polskie Towarzystwo Anatomiczne (PTA) jest stowarzyszeniem naukowym zrzeszaj\u0105cym cz\u0142onk\u00f3w pracuj\u0105cych w dziedzinie nauk morfologicznych.<\/h6><h6>PTA powsta\u0142o w 1926 roku, obecnie zrzesza 270 cz\u0142onk\u00f3w.<\/h6><h6>Statutowe cele Polskiego Towarzystwa Anatomicznego to:<\/h6><p>\u00a0<\/p><p>\u00a0<\/p><p>\u00a0<\/p><h6>&#8211; propagowanie post\u0119p\u00f3w wiedzy w zakresie nauk morfologicznych,<\/h6><h6>&#8211; popieranie tw\u00f3rczo\u015bci naukowej w zakresie morfologii i dyscyplin pokrewnych,<\/h6><h6>&#8211; utrzymywanie kontakt\u00f3w z towarzystwami naukowymi polskimi i zagranicznymi.<\/h6>\t\t\t\t\t\t\t\t<\/div>\n\t\t\t\t\t<\/div>\n\t\t\t\t<\/div>\n\t\t<div class=\"elementor-element elementor-element-e24fa1d e-flex e-con-boxed e-con e-parent\" data-id=\"e24fa1d\" data-element_type=\"container\" data-e-type=\"container\">\n\t\t\t\t\t<div class=\"e-con-inner\">\n\t\t\t\t<div class=\"elementor-element elementor-element-3ccc7a9 elementor-widget-divider--view-line elementor-widget elementor-widget-divider\" data-id=\"3ccc7a9\" data-element_type=\"widget\" data-e-type=\"widget\" data-widget_type=\"divider.default\">\n\t\t\t\t\t\t\t<div class=\"elementor-divider\">\n\t\t\t<span class=\"elementor-divider-separator\">\n\t\t\t\t\t\t<\/span>\n\t\t<\/div>\n\t\t\t\t\t\t<\/div>\n\t\t\t\t\t<\/div>\n\t\t\t\t<\/div>\n\t\t<div class=\"elementor-element elementor-element-ab6ba0f e-flex e-con-boxed e-con e-parent\" data-id=\"ab6ba0f\" data-element_type=\"container\" data-e-type=\"container\">\n\t\t\t\t\t<div class=\"e-con-inner\">\n\t\t\t\t<div class=\"elementor-element elementor-element-76778e5 elementor-widget elementor-widget-heading\" data-id=\"76778e5\" data-element_type=\"widget\" data-e-type=\"widget\" data-widget_type=\"heading.default\">\n\t\t\t\t\t<h2 class=\"elementor-heading-title elementor-size-default\">Kongresy i sympozia naukowe<\/h2>\t\t\t\t<\/div>\n\t\t\t\t\t<\/div>\n\t\t\t\t<\/div>\n\t\t<div class=\"elementor-element elementor-element-1ae6af8 e-flex e-con-boxed e-con e-parent\" data-id=\"1ae6af8\" data-element_type=\"container\" data-e-type=\"container\">\n\t\t\t\t\t<div class=\"e-con-inner\">\n\t\t\t\t<div class=\"elementor-element elementor-element-44ef469 elementor-widget elementor-widget-spacer\" data-id=\"44ef469\" data-element_type=\"widget\" data-e-type=\"widget\" data-widget_type=\"spacer.default\">\n\t\t\t\t\t\t\t<div class=\"elementor-spacer\">\n\t\t\t<div class=\"elementor-spacer-inner\"><\/div>\n\t\t<\/div>\n\t\t\t\t\t\t<\/div>\n\t\t\t\t\t<\/div>\n\t\t\t\t<\/div>\n\t\t<div class=\"elementor-element elementor-element-805324e e-grid e-con-boxed e-con e-parent\" data-id=\"805324e\" data-element_type=\"container\" data-e-type=\"container\">\n\t\t\t\t\t<div class=\"e-con-inner\">\n\t\t\t\t<div class=\"elementor-element elementor-element-d231514 elementor-widget elementor-widget-text-editor\" data-id=\"d231514\" data-element_type=\"widget\" data-e-type=\"widget\" data-widget_type=\"text-editor.default\">\n\t\t\t\t\t\t\t\t\t<p align=\"center\"><strong>Scapula Aurea Katowice 2026<\/strong><\/p><p style=\"text-align: center;\" align=\"center\"><a href=\"https:\/\/scapula2026.sum.edu.pl\/\">Link do strony konkursu<\/a><\/p><p>Szanowni Pa\u0144stwo,<\/p><p>Kierownicy katedr i zak\u0142ad\u00f3w anatomii prawid\u0142owej i topograficznej cz\u0142owieka, grono nauczycieli akademickich, a nade wszystko spo\u0142eczno\u015bci studencka.<\/p><p>Nie przebrzmia\u0142y jeszcze emocje ubieg\u0142orocznej XXXVIII edycji Og\u00f3lnopolskiego Konkursu Wiedzy Anatomicznej Scapula Aurea, kt\u00f3ry odby\u0142 si\u0119 w murach Collegium Medicum Uniwersytetu Rzeszowskiego, a ju\u017c mam zaszczyt zaprosi\u0107 Was na kolejn\u0105 edycj\u0119 XXXIX Og\u00f3lnopolskiego Konkursu Wiedzy Anatomicznej Scapula Aurea 2026 w Katowicach. Wydarzenie, kt\u00f3re od lat integruje student\u00f3w kierunk\u00f3w medycznych z ca\u0142ej Polski wok\u00f3\u0142 wsp\u00f3lnej pasji, jak\u0105 jest anatomia cz\u0142owieka zaplanowali\u015bmy w dniach 22 &#8211; 23 maja 2026 roku. Pragniemy aby wzorem lat ubieg\u0142ych Katedra i Zak\u0142ad Anatomii Prawid\u0142owej WNMK sta\u0142 si\u0119 miejscem intelektualnej rywalizacji, wymiany my\u015bli oraz nawi\u0105zywania przyja\u017ani.<\/p><p>G\u0142\u00f3wna i zarazem zasadnicza cz\u0119\u015b\u0107 wydarzenia odbywa\u0107 si\u0119 b\u0119dzie w murach Katedry i Zak\u0142adu Anatomii Prawid\u0142owej WNMK \u015al\u0105skiego Uniwersytetu medycznego w Katowicach przy ulicy Medyk\u00f3w 18.<\/p><p>B\u0119dziemy si\u0119 stara\u0107 wzorem lat poprzednich, utrzyma\u0107 wysoki poziom tak merytoryczny jak i organizacyjny.<\/p><p>Zapraszam do Katowic<\/p><p>Prof. dr hab. n.med. Grzegorz Bajor<\/p><p>(w imieniu Komitetu Organizacyjnego XXXIX Og\u00f3lnopolskiego Konkursu Wiedzy Anatomicznej Scapula Aurea 2026 )<\/p>\t\t\t\t\t\t\t\t<\/div>\n\t\t\t\t<div class=\"elementor-element elementor-element-5c587b9 elementor-widget elementor-widget-text-editor\" data-id=\"5c587b9\" data-element_type=\"widget\" data-e-type=\"widget\" data-widget_type=\"text-editor.default\">\n\t\t\t\t\t\t\t\t\t<p align=\"center\"><strong>IV Og&oacute;lnopolska Konferencja Dydaktyki Anatomicznej<\/strong><\/p>\n<p align=\"center\"><a href=\"https:\/\/mazowiecka.edu.pl\/konferencje-i-sympozja\/iv-ogolnopolska-konferencja-dydaktyki-anatomicznej\/\">Link do strony konferencji<\/a><\/p>\n<p>Szanowni Pa\u0144stwo,<\/p>\n<p>Z przyjemno\u015bci\u0105 informujemy, \u017ce&nbsp;IV Og&oacute;lnopolska Konferencja Dydaktyki Anatomicznej&nbsp;odb\u0119dzie si\u0119 w&nbsp;P\u0142ocku w dniach 12&ndash;13 czerwiec 2026 r.&nbsp;Gospodarzem wydarzenia b\u0119dzie&nbsp;Zak\u0142ad Anatomii Klinicznej Akademii Mazowieckiej w P\u0142ocku.<\/p>\n<p>P\u0142ock &ndash; miasto nad Wis\u0142\u0105 o bogatej historii&nbsp;&ndash; stanie si\u0119 miejscem spotkania \u015brodowiska dydaktyki anatomii. Planujemy dwudniowe obrady, wyst\u0105pienia zaproszonych go\u015bci oraz dyskusje po\u015bwi\u0119cone nowoczesnym metodom kszta\u0142cenia i dobrym praktykom.<\/p>\n<p>Szczeg&oacute;\u0142y dotycz\u0105ce programu, rejestracji i naboru abstrakt&oacute;w opublikujemy wkr&oacute;tce.<\/p>\n<p>Serdecznie zapraszamy do P\u0142ocka.<br>prof. dr hab. \u0141ukasz Olewnik<br>(w imieniu Komitetu Organizacyjnego IV Og&oacute;lnopolskiej Konferencji Dydaktyki Anatomicznej)<\/p>\t\t\t\t\t\t\t\t<\/div>\n\t\t\t\t\t<\/div>\n\t\t\t\t<\/div>\n\t\t\t\t<\/div>\n\t\t","protected":false},"excerpt":{"rendered":"<p>Witamy na stronie Polskiego Towarzystwa Anatomicznego Polskie Towarzystwo Anatomiczne (PTA) jest stowarzyszeniem naukowym zrzeszaj\u0105cym cz\u0142onk\u00f3w pracuj\u0105cych w dziedzinie nauk morfologicznych. [&hellip;]<\/p>\n","protected":false},"author":1,"featured_media":0,"parent":0,"menu_order":0,"comment_status":"closed","ping_status":"open","template":"","meta":{"site-sidebar-layout":"default","site-content-layout":"","ast-site-content-layout":"default","site-content-style":"default","site-sidebar-style":"default","ast-global-header-display":"","ast-banner-title-visibility":"","ast-main-header-display":"","ast-hfb-above-header-display":"","ast-hfb-below-header-display":"","ast-hfb-mobile-header-display":"","site-post-title":"","ast-breadcrumbs-content":"","ast-featured-img":"","footer-sml-layout":"","ast-disable-related-posts":"","theme-transparent-header-meta":"","adv-header-id-meta":"","stick-header-meta":"","header-above-stick-meta":"","header-main-stick-meta":"","header-below-stick-meta":"","astra-migrate-meta-layouts":"default","ast-page-background-enabled":"default","ast-page-background-meta":{"desktop":{"background-color":"var(--ast-global-color-5)","background-image":"","background-repeat":"repeat","background-position":"center center","background-size":"auto","background-attachment":"scroll","background-type":"","background-media":"","overlay-type":"","overlay-color":"","overlay-opacity":"","overlay-gradient":""},"tablet":{"background-color":"","background-image":"","background-repeat":"repeat","background-position":"center center","background-size":"auto","background-attachment":"scroll","background-type":"","background-media":"","overlay-type":"","overlay-color":"","overlay-opacity":"","overlay-gradient":""},"mobile":{"background-color":"","background-image":"","background-repeat":"repeat","background-position":"center center","background-size":"auto","background-attachment":"scroll","background-type":"","background-media":"","overlay-type":"","overlay-color":"","overlay-opacity":"","overlay-gradient":""}},"ast-content-background-meta":{"desktop":{"background-color":"var(--ast-global-color-4)","background-image":"","background-repeat":"repeat","background-position":"center center","background-size":"auto","background-attachment":"scroll","background-type":"","background-media":"","overlay-type":"","overlay-color":"","overlay-opacity":"","overlay-gradient":""},"tablet":{"background-color":"var(--ast-global-color-4)","background-image":"","background-repeat":"repeat","background-position":"center center","background-size":"auto","background-attachment":"scroll","background-type":"","background-media":"","overlay-type":"","overlay-color":"","overlay-opacity":"","overlay-gradient":""},"mobile":{"background-color":"var(--ast-global-color-4)","background-image":"","background-repeat":"repeat","background-position":"center center","background-size":"auto","background-attachment":"scroll","background-type":"","background-media":"","overlay-type":"","overlay-color":"","overlay-opacity":"","overlay-gradient":""}},"footnotes":""},"class_list":["post-2","page","type-page","status-publish","hentry"],"_links":{"self":[{"href":"https:\/\/pta.info.pl\/index.php?rest_route=\/wp\/v2\/pages\/2","targetHints":{"allow":["GET"]}}],"collection":[{"href":"https:\/\/pta.info.pl\/index.php?rest_route=\/wp\/v2\/pages"}],"about":[{"href":"https:\/\/pta.info.pl\/index.php?rest_route=\/wp\/v2\/types\/page"}],"author":[{"embeddable":true,"href":"https:\/\/pta.info.pl\/index.php?rest_route=\/wp\/v2\/users\/1"}],"replies":[{"embeddable":true,"href":"https:\/\/pta.info.pl\/index.php?rest_route=%2Fwp%2Fv2%2Fcomments&post=2"}],"version-history":[{"count":39,"href":"https:\/\/pta.info.pl\/index.php?rest_route=\/wp\/v2\/pages\/2\/revisions"}],"predecessor-version":[{"id":182,"href":"https:\/\/pta.info.pl\/index.php?rest_route=\/wp\/v2\/pages\/2\/revisions\/182"}],"wp:attachment":[{"href":"https:\/\/pta.info.pl\/index.php?rest_route=%2Fwp%2Fv2%2Fmedia&parent=2"}],"curies":[{"name":"wp","href":"https:\/\/api.w.org\/{rel}","templated":true}]}}